{"id":4969,"date":"2020-05-21T17:45:46","date_gmt":"2020-05-21T17:45:46","guid":{"rendered":"https:\/\/www.debtalia.com\/it\/?page_id=4969"},"modified":"2023-09-12T17:07:54","modified_gmt":"2023-09-12T17:07:54","slug":"legale","status":"publish","type":"page","link":"https:\/\/www.debtalia.com\/it\/legale\/","title":{"rendered":"Aviso Legal"},"content":{"rendered":"<div class=\"group w-full text-token-text-primary border-b border-black\/10 dark:border-gray-900\/50 bg-gray-50 dark:bg-[#444654]\" data-testid=\"conversation-turn-219\">\n<div class=\"p-4 justify-center text-base md:gap-6 md:py-6 m-auto\">\n<div class=\"flex flex-1 gap-4 text-base mx-auto md:gap-6 md:max-w-2xl lg:max-w-[38rem] xl:max-w-3xl }\">\n<div class=\"relative flex w-[calc(100%-50px)] flex-col gap-1 md:gap-3 lg:w-[calc(100%-115px)]\">\n<div class=\"flex flex-grow flex-col gap-3 max-w-full\">\n<div class=\"min-h-[20px] flex flex-col items-start gap-3 overflow-x-auto whitespace-pre-wrap break-words\">\n<div class=\"markdown prose w-full break-words dark:prose-invert light\">\n<p><strong>AVVISO LEGALE<\/strong><\/p>\n<p><strong>1. DATI IDENTIFICATIVI:<\/strong><\/p>\n<p>In conformit\u00e0 all&#8217;obbligo di informazione previsto dall&#8217;articolo 10 della Legge 34\/2002, dell&#8217;11 luglio, sui Servizi della Societ\u00e0 dell&#8217;Informazione e del Commercio Elettronico, di seguito sono specificati i dettagli del sito web &#8220;debtalia.es&#8221;.<\/p>\n<p><strong>2. UTENTI:<\/strong><\/p>\n<p>L&#8217;accesso e\/o l&#8217;uso del portale debtalia.es attribuisce la condizione di UTENTE, che accetta, da tale accesso e\/o uso, le Condizioni Generali di Contratto esposte sul sito web. In generale, la fornitura dei Servizi richiede la registrazione dell&#8217;utente. Non sar\u00e0 possibile utilizzare i servizi offerti da debtalia.com dal suo sito web senza l&#8217;iscrizione adeguata e nei termini richiesti e indicati nelle &#8220;Condizioni Generali di Contratto&#8221;.<\/p>\n<p><strong>3. USO DEL PORTALE:<\/strong><\/p>\n<p>La prestazione del servizio debtalia.com, offerto attraverso il suo sito web <a href=\"http:\/\/www.debtalia.es\/\" target=\"_new\" rel=\"noopener\">www.debtalia.com<\/a>, si basa sul servizio per il cliente\/utente consistente nella registrazione dei debiti o dei pacchetti di debiti per la loro messa in vendita alla comunit\u00e0 di investitori che visitano il sito web.<\/p>\n<p><strong>4. PROPRIET\u00c0 INTELLETTUALE E INDUSTRIALE:<\/strong><\/p>\n<p>Debtalia.com con CIF B54546171 o come cessionaria, \u00e8 titolare di tutti i diritti di propriet\u00e0 intellettuale e industriale delle sue pagine web, nonch\u00e9 degli elementi contenuti al loro interno (a titolo esemplificativo, immagini, suoni, audio, video, software o testi; marchi o loghi, combinazioni di colori, struttura e design, selezione di materiali utilizzati, programmi informatici necessari per il loro funzionamento, accesso e uso, ecc&#8230;), di propriet\u00e0 di debtalia.es o dei suoi licenziatari.<\/p>\n<p>Tutti i diritti riservati. Ai sensi degli articoli 8 e 32.1, secondo comma, della Legge sulla Propriet\u00e0 Intellettuale, sono espressamente vietate la riproduzione, la distribuzione e la comunicazione pubblica, compresa la modalit\u00e0 di messa a disposizione, della totalit\u00e0 o di parte dei contenuti di questa pagina web, per scopi commerciali, su qualsiasi supporto e con qualsiasi mezzo tecnico, senza l&#8217;autorizzazione di debtalia.es.<\/p>\n<p>L&#8217;UTENTE si impegna a rispettare i diritti di Propriet\u00e0 Intellettuale e Industriale di debtalia. Potr\u00e0 visualizzare gli elementi dei diversi siti web e anche stamparli, copiarli e archiviarli sull&#8217;hard disk del proprio computer o su qualsiasi altro supporto fisico, purch\u00e9 sia, unicamente ed esclusivamente, per il proprio uso personale e privato. L&#8217;UTENTE dovr\u00e0 astenersi dal rimuovere, alterare, eludere o manipolare qualsiasi dispositivo di protezione o sistema di sicurezza installato nelle pagine di debtalia.com.<\/p>\n<p><strong>5. ESCLUSIONE DI GARANZIE E RESPONSABILIT\u00c0:<\/strong><\/p>\n<p>Debtalia.com non garantisce la disponibilit\u00e0 e la continuit\u00e0 del funzionamento del suo sito web e dei servizi. Quando ci\u00f2 sia ragionevolmente possibile, debtalia.es avviser\u00e0 preventivamente delle interruzioni nel funzionamento dei suoi Portali e dei suoi Servizi. Debtalia.com esclude, nella misura consentita dalla legge, qualsiasi responsabilit\u00e0 per i danni di qualsiasi natura che potrebbero derivare dalla mancanza di disponibilit\u00e0 o continuit\u00e0 del funzionamento del suo sito web e dei suoi Servizi, e in particolare, sebbene non in via esclusiva, per i guasti nell&#8217;accesso alle diverse pagine del sito web o da cui vengono forniti i servizi.<\/p>\n<p>L&#8217;accesso alle pagine transazionali attraverso cui l&#8217;utente effettua la contrattazione della prestazione dei servizi di debtalia.com avviene in un ambiente sicuro. L&#8217;Utente pu\u00f2 verificare di essere all&#8217;interno di un ambiente sicuro osservando il lucchetto chiuso che si trova nella barra inferiore dello stato.<\/p>\n<p>Debtalia.com utilizza per la prestazione dei suoi servizi, tramite il suo sito web, comunicazioni sicure basate su certificato digitale, oltre a nomi utente e password per l&#8217;identificazione e l&#8217;autenticazione degli Utenti che accedono ai suoi Servizi. L&#8217;uso di comunicazioni sicure consente di mantenere la riservatezza dei dati inseriti e presentati nei suoi portali; allo stesso modo, i nomi utente e le password consentono l&#8217;accesso limitato e controllato ai dati dei legittimi titolari.<\/p>\n<p>Debtalia.com non garantisce che terzi non autorizzati possano venire a conoscenza della classe, delle condizioni, delle caratteristiche e delle circostanze dell&#8217;uso che gli Utenti fanno del suo sito web e dei suoi Servizi. L&#8217;Utente deve essere consapevole che le misure di sicurezza su Internet non sono inespugnabili. Debtalia.com esclude, nella misura consentita dalla legge, qualsiasi responsabilit\u00e0 per i danni di qualsiasi natura che potrebbero derivare da questo motivo.<\/p>\n<p><strong>6. MODIFICHE:<\/strong><\/p>\n<p>Debtalia.com si riserva il diritto di apportare, senza preavviso, le modifiche che ritenga opportune al suo sito web, compresi l&#8217;eliminazione o l&#8217;aggiunta di contenuti e servizi offerti attraverso di esso, nonch\u00e9 la forma in cui essi sono offerti.<\/p>\n<p><strong>8. UTILIZZO DI COOKIE:<\/strong><\/p>\n<p>Debtalia.com potrebbe utilizzare cookie per personalizzare e facilitare al massimo la navigazione dell&#8217;UTENTE sui suoi siti web. I cookie sono associati esclusivamente a un UTENTE anonimo e al suo computer e non forniscono riferimenti che consentano di dedurre dati personali dell&#8217;UTENTE. L&#8217;UTENTE pu\u00f2 configurare il suo browser per notificare e rifiutare l&#8217;installazione dei cookie inviati da debtalia.com, senza che ci\u00f2 pregiudichi la possibilit\u00e0 dell&#8217;UTENTE di accedere ai contenuti.<\/p>\n<\/div>\n<\/div>\n<\/div>\n<\/div>\n<\/div>\n<\/div>\n<\/div>\n<div class=\"group w-full text-token-text-primary border-b border-black\/10 dark:border-gray-900\/50 bg-gray-50 dark:bg-[#444654]\" data-testid=\"conversation-turn-221\">\n<div class=\"p-4 justify-center text-base md:gap-6 md:py-6 m-auto\">\n<div class=\"flex flex-1 gap-4 text-base mx-auto md:gap-6 md:max-w-2xl lg:max-w-[38rem] xl:max-w-3xl }\">\n<div class=\"relative flex w-[calc(100%-50px)] flex-col gap-1 md:gap-3 lg:w-[calc(100%-115px)]\">\n<div class=\"flex flex-grow flex-col gap-3 max-w-full\">\n<div class=\"min-h-[20px] flex flex-col items-start gap-3 overflow-x-auto whitespace-pre-wrap break-words\">\n<div class=\"markdown prose w-full break-words dark:prose-invert light\">\n<p><strong>9. DATI PERSONALI:<\/strong><\/p>\n<p>Debtalia.com \u00e8 proprietaria dei file in cui sono raccolti i dati personali dei suoi clienti e quelli connessi alla prestazione del servizio, ad eccezione dei dati appartenenti al debitore, che, essendo di propriet\u00e0 del creditore, sono temporaneamente ceduti a debtalia.com in quanto necessari per soddisfare il servizio offerto ai suoi clienti. Il cliente \u00e8 il responsabile e il proprietario dei dati del debitore, mentre debtalia.com agisce come intermediario, esentandosi da ogni responsabilit\u00e0 in merito alla veridicit\u00e0, alla contestazione o all&#8217;esistenza stessa del debito.<\/p>\n<p><strong>10. LINK:<\/strong><\/p>\n<p>Nel caso in cui sul sito web ci siano collegamenti o collegamenti ipertestuali ad altri siti web, debtalia.com non eserciter\u00e0 alcun tipo di controllo su tali siti e contenuti.<\/p>\n<p>In nessun caso debtalia.com si assume alcuna responsabilit\u00e0 per i contenuti di un link appartenente a un sito web esterno, n\u00e9 garantir\u00e0 la disponibilit\u00e0 tecnica, la qualit\u00e0, l&#8217;affidabilit\u00e0, l&#8217;accuratezza, l&#8217;ampiezza, la veridicit\u00e0, la validit\u00e0 e la costituzionalit\u00e0 di qualsiasi materiale o informazione contenuta in uno qualsiasi di questi collegamenti ipertestuali o altri siti web.<\/p>\n<p>Allo stesso modo, l&#8217;inclusione di queste connessioni esterne non comporter\u00e0 alcun tipo di associazione, fusione o partecipazione con le entit\u00e0 collegate.<\/p>\n<p><strong>11. DIRITTO DI ESCLUSIONE:<\/strong><\/p>\n<p>Debtalia.com si riserva il diritto di negare o ritirare l&#8217;accesso al suo sito web e\/o ai servizi offerti senza alcun preavviso, su richiesta propria o di terzi, agli utenti che non rispettino le Condizioni Generali di Contratto.<\/p>\n<p><strong>12. DISPOSIZIONI GENERALI:<\/strong><\/p>\n<p>Debtalia.com perseguir\u00e0 il mancato adempimento delle presenti condizioni e qualsiasi uso improprio del suo sito web esercitando tutte le azioni civili e penali che possono spettare in diritto. Le Condizioni Generali sono regolate dalla legge spagnola e, in caso di controversia, il cliente, rinunciando espressamente alla giurisdizione legale o personale che potrebbe spettargli, si sottopone ai tribunali e ai giudici del domicilio sociale di Elda (Alicante).<\/p>\n<\/div>\n<\/div>\n<\/div>\n<\/div>\n<\/div>\n<\/div>\n<\/div>\n","protected":false},"excerpt":{"rendered":"<p>AVVISO LEGALE 1. DATI IDENTIFICATIVI: In conformit\u00e0 all&#8217;obbligo di informazione previsto dall&#8217;articolo 10 della Legge 34\/2002, dell&#8217;11 luglio, sui Servizi della Societ\u00e0 dell&#8217;Informazione e del Commercio Elettronico, di seguito sono specificati i dettagli del sito web &#8220;debtalia.es&#8221;. 2. UTENTI: L&#8217;accesso e\/o l&#8217;uso del portale debtalia.es attribuisce la condizione di UTENTE, che accetta, da tale accesso [&hellip;]<\/p>\n","protected":false},"author":1,"featured_media":0,"parent":0,"menu_order":0,"comment_status":"closed","ping_status":"closed","template":"","meta":[],"yoast_head":"<!-- This site is optimized with the Yoast SEO plugin v14.7 - https:\/\/yoast.com\/wordpress\/plugins\/seo\/ -->\n<title>Aviso Legal - Debtalia Italia<\/title>\n<meta name=\"robots\" content=\"index, follow\" \/>\n<meta name=\"googlebot\" content=\"index, follow, max-snippet:-1, max-image-preview:large, max-video-preview:-1\" \/>\n<meta name=\"bingbot\" content=\"index, follow, max-snippet:-1, max-image-preview:large, max-video-preview:-1\" \/>\n<link rel=\"canonical\" href=\"https:\/\/www.debtalia.com\/it\/legale\/\" \/>\n<meta property=\"og:locale\" content=\"it_IT\" \/>\n<meta property=\"og:type\" content=\"article\" \/>\n<meta property=\"og:title\" content=\"Aviso Legal - Debtalia Italia\" \/>\n<meta property=\"og:description\" content=\"AVVISO LEGALE 1. DATI IDENTIFICATIVI: In conformit\u00e0 all&#8217;obbligo di informazione previsto dall&#8217;articolo 10 della Legge 34\/2002, dell&#8217;11 luglio, sui Servizi della Societ\u00e0 dell&#8217;Informazione e del Commercio Elettronico, di seguito sono specificati i dettagli del sito web &#8220;debtalia.es&#8221;. 2. UTENTI: L&#8217;accesso e\/o l&#8217;uso del portale debtalia.es attribuisce la condizione di UTENTE, che accetta, da tale accesso [&hellip;]\" \/>\n<meta property=\"og:url\" content=\"https:\/\/www.debtalia.com\/it\/legale\/\" \/>\n<meta property=\"og:site_name\" content=\"Debtalia Italia\" \/>\n<meta property=\"article:modified_time\" content=\"2023-09-12T17:07:54+00:00\" \/>\n<meta name=\"twitter:card\" content=\"summary_large_image\" \/>\n<script type=\"application\/ld+json\" class=\"yoast-schema-graph\">{\"@context\":\"https:\/\/schema.org\",\"@graph\":[{\"@type\":\"Organization\",\"@id\":\"https:\/\/www.debtalia.com\/it\/#organization\",\"name\":\"Rent and Protect\",\"url\":\"https:\/\/www.debtalia.com\/it\/\",\"sameAs\":[],\"logo\":{\"@type\":\"ImageObject\",\"@id\":\"https:\/\/www.debtalia.com\/it\/#logo\",\"inLanguage\":\"it-IT\",\"url\":\"https:\/\/www.debtalia.com\/it\/wp-content\/uploads\/2020\/05\/logorp.png\",\"width\":1276,\"height\":340,\"caption\":\"Rent and Protect\"},\"image\":{\"@id\":\"https:\/\/www.debtalia.com\/it\/#logo\"}},{\"@type\":\"WebSite\",\"@id\":\"https:\/\/www.debtalia.com\/it\/#website\",\"url\":\"https:\/\/www.debtalia.com\/it\/\",\"name\":\"Debtalia Italia\",\"description\":\"Commercial Debt Collection in the United States\",\"publisher\":{\"@id\":\"https:\/\/www.debtalia.com\/it\/#organization\"},\"potentialAction\":[{\"@type\":\"SearchAction\",\"target\":\"https:\/\/www.debtalia.com\/it\/?s={search_term_string}\",\"query-input\":\"required name=search_term_string\"}],\"inLanguage\":\"it-IT\"},{\"@type\":\"WebPage\",\"@id\":\"https:\/\/www.debtalia.com\/it\/legale\/#webpage\",\"url\":\"https:\/\/www.debtalia.com\/it\/legale\/\",\"name\":\"Aviso Legal - Debtalia Italia\",\"isPartOf\":{\"@id\":\"https:\/\/www.debtalia.com\/it\/#website\"},\"datePublished\":\"2020-05-21T17:45:46+00:00\",\"dateModified\":\"2023-09-12T17:07:54+00:00\",\"breadcrumb\":{\"@id\":\"https:\/\/www.debtalia.com\/it\/legale\/#breadcrumb\"},\"inLanguage\":\"it-IT\",\"potentialAction\":[{\"@type\":\"ReadAction\",\"target\":[\"https:\/\/www.debtalia.com\/it\/legale\/\"]}]},{\"@type\":\"BreadcrumbList\",\"@id\":\"https:\/\/www.debtalia.com\/it\/legale\/#breadcrumb\",\"itemListElement\":[{\"@type\":\"ListItem\",\"position\":1,\"item\":{\"@type\":\"WebPage\",\"@id\":\"https:\/\/www.debtalia.com\/it\/\",\"url\":\"https:\/\/www.debtalia.com\/it\/\",\"name\":\"Portada\"}},{\"@type\":\"ListItem\",\"position\":2,\"item\":{\"@type\":\"WebPage\",\"@id\":\"https:\/\/www.debtalia.com\/it\/legale\/\",\"url\":\"https:\/\/www.debtalia.com\/it\/legale\/\",\"name\":\"Aviso Legal\"}}]}]}<\/script>\n<!-- \/ Yoast SEO plugin. -->","_links":{"self":[{"href":"https:\/\/www.debtalia.com\/it\/wp-json\/wp\/v2\/pages\/4969"}],"collection":[{"href":"https:\/\/www.debtalia.com\/it\/wp-json\/wp\/v2\/pages"}],"about":[{"href":"https:\/\/www.debtalia.com\/it\/wp-json\/wp\/v2\/types\/page"}],"author":[{"embeddable":true,"href":"https:\/\/www.debtalia.com\/it\/wp-json\/wp\/v2\/users\/1"}],"replies":[{"embeddable":true,"href":"https:\/\/www.debtalia.com\/it\/wp-json\/wp\/v2\/comments?post=4969"}],"version-history":[{"count":8,"href":"https:\/\/www.debtalia.com\/it\/wp-json\/wp\/v2\/pages\/4969\/revisions"}],"predecessor-version":[{"id":10387,"href":"https:\/\/www.debtalia.com\/it\/wp-json\/wp\/v2\/pages\/4969\/revisions\/10387"}],"wp:attachment":[{"href":"https:\/\/www.debtalia.com\/it\/wp-json\/wp\/v2\/media?parent=4969"}],"curies":[{"name":"wp","href":"https:\/\/api.w.org\/{rel}","templated":true}]}}