{"id":4975,"date":"2020-05-21T17:49:27","date_gmt":"2020-05-21T17:49:27","guid":{"rendered":"https:\/\/www.debtalia.com\/pt\/?page_id=4975"},"modified":"2023-10-09T21:19:24","modified_gmt":"2023-10-09T21:19:24","slug":"privacidad","status":"publish","type":"page","link":"https:\/\/www.debtalia.com\/pt\/privacidad\/","title":{"rendered":"Privacidad"},"content":{"rendered":"<p>POL\u00cdTICA DE PRIVACIDADE &#8211; Adaptada ao Regulamento Europeu 2016\/679 de 27 de abril (RGPD)<\/p>\n<p>Navega\u00e7\u00e3o An\u00f3nima nas P\u00e1ginas da Web<\/p>\n<p>O nome de dom\u00ednio do provedor (PSI) e\/ou endere\u00e7o IP que lhes d\u00e1 acesso \u00e0 rede. Por exemplo, um usu\u00e1rio do provedor XXX apenas ser\u00e1 identificado com o dom\u00ednio xxx.es e\/ou o endere\u00e7o IP. Desta forma, podemos elaborar estat\u00edsticas sobre os pa\u00edses e servidores que visitam mais frequentemente nosso site.<\/p>\n<p>A data e hora de acesso ao nosso site. Isso nos permite identificar os hor\u00e1rios de maior tr\u00e1fego e fazer os ajustes necess\u00e1rios para evitar problemas de satura\u00e7\u00e3o durante os hor\u00e1rios de pico.<\/p>\n<p>Al\u00e9m disso, esses dados est\u00e3o devidamente registrados na Ag\u00eancia Espanhola de Prote\u00e7\u00e3o de Dados com o n\u00famero de registro 2111750003. O tratamento e gest\u00e3o desses dados cumprem o estipulado no Real Decreto 994\/1999, de 11 de junho, e na sua recente modifica\u00e7\u00e3o adaptada ao Regulamento Europeu 2016\/679 de 27 de abril (RGPD).<\/p>\n<p>O endere\u00e7o de internet a partir do qual partiu o link que direciona para nosso site. Gra\u00e7as a esses dados, podemos conhecer a efic\u00e1cia dos diferentes banners e links que apontam para nosso servidor, com o objetivo de fortalecer aqueles que oferecem melhores resultados.<\/p>\n<p>O n\u00famero de visitantes di\u00e1rios de cada se\u00e7\u00e3o. Isso nos permite conhecer as \u00e1reas de maior sucesso e aumentar e melhorar seu conte\u00fado, para que os usu\u00e1rios obtenham resultados mais satisfat\u00f3rios.<\/p>\n<p>As informa\u00e7\u00f5es obtidas s\u00e3o totalmente an\u00f4nimas e, em nenhum caso, podem ser associadas a um usu\u00e1rio espec\u00edfico e identificado.<\/p>\n<p>Navega\u00e7\u00e3o com Cookies<\/p>\n<p>A p\u00e1gina do nosso site utiliza cookies, pequenos arquivos de dados gerados no computador do usu\u00e1rio que nos permitem obter as seguintes informa\u00e7\u00f5es:<\/p>\n<p>A data e hora da \u00faltima vez que o usu\u00e1rio visitou nosso site.<\/p>\n<p>O design de conte\u00fado que o usu\u00e1rio escolheu em sua primeira visita ao nosso site.<\/p>\n<p>Elementos de seguran\u00e7a que interv\u00eam no controle de acesso \u00e0s \u00e1reas restritas.<\/p>\n<p>O usu\u00e1rio tem a op\u00e7\u00e3o de impedir a gera\u00e7\u00e3o de cookies, selecionando a op\u00e7\u00e3o correspondente no seu navegador. No entanto, a empresa n\u00e3o se responsabiliza se a desativa\u00e7\u00e3o dos cookies impedir o bom funcionamento da p\u00e1gina.<\/p>\n<p>Tratamento de Dados Pessoais<\/p>\n<p>A debtalia.com garante que todos os dados recolhidos atrav\u00e9s da sua plataforma web ser\u00e3o utilizados de acordo com as limita\u00e7\u00f5es e direitos concedidos pela LOPD. Al\u00e9m disso, esses dados est\u00e3o devidamente registrados na Ag\u00eancia Espanhola de Prote\u00e7\u00e3o de Dados com o n\u00famero de registro 2111750003. O tratamento e gest\u00e3o desses dados cumprem o estipulado no Real Decreto 994\/1999, de 11 de junho, e na sua recente modifica\u00e7\u00e3o adaptada ao Regulamento Europeu 2016\/679 de 27 de abril (RGPD), que aprova o Regulamento das medidas de seguran\u00e7a dos arquivos automatizados que contenham dados de car\u00e1ter pessoal.<\/p>\n","protected":false},"excerpt":{"rendered":"<p>POL\u00cdTICA DE PRIVACIDADE &#8211; Adaptada ao Regulamento Europeu 2016\/679 de 27 de abril (RGPD) Navega\u00e7\u00e3o An\u00f3nima nas P\u00e1ginas da Web O nome de dom\u00ednio do provedor (PSI) e\/ou endere\u00e7o IP que lhes d\u00e1 acesso \u00e0 rede. Por exemplo, um usu\u00e1rio do provedor XXX apenas ser\u00e1 identificado com o dom\u00ednio xxx.es e\/ou o endere\u00e7o IP. Desta [&hellip;]<\/p>\n","protected":false},"author":1,"featured_media":0,"parent":0,"menu_order":0,"comment_status":"closed","ping_status":"closed","template":"","meta":{"footnotes":""},"yoast_head":"<!-- This site is optimized with the Yoast SEO plugin v14.7 - https:\/\/yoast.com\/wordpress\/plugins\/seo\/ -->\n<title>Privacidad - Debtalia<\/title>\n<meta name=\"robots\" content=\"index, follow\" \/>\n<meta name=\"googlebot\" content=\"index, follow, max-snippet:-1, max-image-preview:large, max-video-preview:-1\" \/>\n<meta name=\"bingbot\" content=\"index, follow, max-snippet:-1, max-image-preview:large, max-video-preview:-1\" \/>\n<link rel=\"canonical\" href=\"https:\/\/www.debtalia.com\/pt\/privacidad\/\" \/>\n<meta property=\"og:locale\" content=\"pt_PT\" \/>\n<meta property=\"og:type\" content=\"article\" \/>\n<meta property=\"og:title\" content=\"Privacidad - Debtalia\" \/>\n<meta property=\"og:description\" content=\"POL\u00cdTICA DE PRIVACIDADE &#8211; Adaptada ao Regulamento Europeu 2016\/679 de 27 de abril (RGPD) Navega\u00e7\u00e3o An\u00f3nima nas P\u00e1ginas da Web O nome de dom\u00ednio do provedor (PSI) e\/ou endere\u00e7o IP que lhes d\u00e1 acesso \u00e0 rede. Por exemplo, um usu\u00e1rio do provedor XXX apenas ser\u00e1 identificado com o dom\u00ednio xxx.es e\/ou o endere\u00e7o IP. Desta [&hellip;]\" \/>\n<meta property=\"og:url\" content=\"https:\/\/www.debtalia.com\/pt\/privacidad\/\" \/>\n<meta property=\"og:site_name\" content=\"Debtalia\" \/>\n<meta property=\"article:modified_time\" content=\"2023-10-09T21:19:24+00:00\" \/>\n<meta name=\"twitter:card\" content=\"summary_large_image\" \/>\n<script type=\"application\/ld+json\" class=\"yoast-schema-graph\">{\"@context\":\"https:\/\/schema.org\",\"@graph\":[{\"@type\":\"Organization\",\"@id\":\"https:\/\/www.debtalia.com\/pt\/#organization\",\"name\":\"Rent and Protect\",\"url\":\"https:\/\/www.debtalia.com\/pt\/\",\"sameAs\":[],\"logo\":{\"@type\":\"ImageObject\",\"@id\":\"https:\/\/www.debtalia.com\/pt\/#logo\",\"inLanguage\":\"pt-PT\",\"url\":\"https:\/\/www.debtalia.com\/pt\/wp-content\/uploads\/2020\/05\/logorp.png\",\"width\":1276,\"height\":340,\"caption\":\"Rent and Protect\"},\"image\":{\"@id\":\"https:\/\/www.debtalia.com\/pt\/#logo\"}},{\"@type\":\"WebSite\",\"@id\":\"https:\/\/www.debtalia.com\/pt\/#website\",\"url\":\"https:\/\/www.debtalia.com\/pt\/\",\"name\":\"Debtalia\",\"description\":\"Commercial Debt Collection in the United States\",\"publisher\":{\"@id\":\"https:\/\/www.debtalia.com\/pt\/#organization\"},\"potentialAction\":[{\"@type\":\"SearchAction\",\"target\":\"https:\/\/www.debtalia.com\/pt\/?s={search_term_string}\",\"query-input\":\"required name=search_term_string\"}],\"inLanguage\":\"pt-PT\"},{\"@type\":\"WebPage\",\"@id\":\"https:\/\/www.debtalia.com\/pt\/privacidad\/#webpage\",\"url\":\"https:\/\/www.debtalia.com\/pt\/privacidad\/\",\"name\":\"Privacidad - Debtalia\",\"isPartOf\":{\"@id\":\"https:\/\/www.debtalia.com\/pt\/#website\"},\"datePublished\":\"2020-05-21T17:49:27+00:00\",\"dateModified\":\"2023-10-09T21:19:24+00:00\",\"breadcrumb\":{\"@id\":\"https:\/\/www.debtalia.com\/pt\/privacidad\/#breadcrumb\"},\"inLanguage\":\"pt-PT\",\"potentialAction\":[{\"@type\":\"ReadAction\",\"target\":[\"https:\/\/www.debtalia.com\/pt\/privacidad\/\"]}]},{\"@type\":\"BreadcrumbList\",\"@id\":\"https:\/\/www.debtalia.com\/pt\/privacidad\/#breadcrumb\",\"itemListElement\":[{\"@type\":\"ListItem\",\"position\":1,\"item\":{\"@type\":\"WebPage\",\"@id\":\"https:\/\/www.debtalia.com\/pt\/\",\"url\":\"https:\/\/www.debtalia.com\/pt\/\",\"name\":\"Portada\"}},{\"@type\":\"ListItem\",\"position\":2,\"item\":{\"@type\":\"WebPage\",\"@id\":\"https:\/\/www.debtalia.com\/pt\/privacidad\/\",\"url\":\"https:\/\/www.debtalia.com\/pt\/privacidad\/\",\"name\":\"Privacidad\"}}]}]}<\/script>\n<!-- \/ Yoast SEO plugin. -->","_links":{"self":[{"href":"https:\/\/www.debtalia.com\/pt\/wp-json\/wp\/v2\/pages\/4975"}],"collection":[{"href":"https:\/\/www.debtalia.com\/pt\/wp-json\/wp\/v2\/pages"}],"about":[{"href":"https:\/\/www.debtalia.com\/pt\/wp-json\/wp\/v2\/types\/page"}],"author":[{"embeddable":true,"href":"https:\/\/www.debtalia.com\/pt\/wp-json\/wp\/v2\/users\/1"}],"replies":[{"embeddable":true,"href":"https:\/\/www.debtalia.com\/pt\/wp-json\/wp\/v2\/comments?post=4975"}],"version-history":[{"count":6,"href":"https:\/\/www.debtalia.com\/pt\/wp-json\/wp\/v2\/pages\/4975\/revisions"}],"predecessor-version":[{"id":10374,"href":"https:\/\/www.debtalia.com\/pt\/wp-json\/wp\/v2\/pages\/4975\/revisions\/10374"}],"wp:attachment":[{"href":"https:\/\/www.debtalia.com\/pt\/wp-json\/wp\/v2\/media?parent=4975"}],"curies":[{"name":"wp","href":"https:\/\/api.w.org\/{rel}","templated":true}]}}