{"id":7372,"date":"2021-06-11T20:33:17","date_gmt":"2021-06-11T20:33:17","guid":{"rendered":"https:\/\/www.debtalia.com\/pt\/?page_id=7372"},"modified":"2023-10-03T16:16:59","modified_gmt":"2023-10-03T16:16:59","slug":"como-funciona-debtalia","status":"publish","type":"page","link":"https:\/\/www.debtalia.com\/pt\/como-funciona-debtalia\/","title":{"rendered":"COMO FUNCIONA DEBTALIA"},"content":{"rendered":"<div id='av_section_1'  class='avia-section main_color avia-section-default avia-no-border-styling  av-section-color-overlay-active avia-bg-style-scroll  avia-builder-el-0  el_before_av_one_third  avia-builder-el-first   container_wrap sidebar_right' style='background-color: #7a7a7a; background-repeat: no-repeat; background-image: url(https:\/\/www.debtalia.com\/pt\/wp-content\/uploads\/2023\/10\/startup-593341_19202.jpg);background-attachment: scroll; background-position: center center;  '  data-section-bg-repeat='no-repeat'><div class='av-section-color-overlay-wrap'><div class='av-section-color-overlay' style='opacity: 0.7; background-color: #8e8e8e; '><\/div><div class='container' ><main  role=\"main\" itemprop=\"mainContentOfPage\"  class='template-page content  av-content-small alpha units'><div class='post-entry post-entry-type-page post-entry-7372'><div class='entry-content-wrapper clearfix'>\n<div class=\"flex_column av_one_half  flex_column_div first  avia-builder-el-1  el_before_av_one_half  avia-builder-el-first  \" style='padding:10px; border-radius:10px; '><section class=\"av_textblock_section  av-small-hide av-mini-hide\"  itemscope=\"itemscope\" itemtype=\"https:\/\/schema.org\/CreativeWork\" ><div class='avia_textblock  av_inherit_color '  style='font-size:26px; color:#ffffff; '  itemprop=\"text\" ><h6>Como funciona<\/h6>\n<\/div><\/section><br \/>\n<section class=\"av_textblock_section  av-desktop-hide av-medium-hide\"  itemscope=\"itemscope\" itemtype=\"https:\/\/schema.org\/CreativeWork\" ><div class='avia_textblock  av_inherit_color '  style='font-size:18px; color:#ffffff; '  itemprop=\"text\" ><h4>Como funciona<\/h4>\n<\/div><\/section><\/p><\/div><div class=\"flex_column av_one_half  flex_column_div av-zero-column-padding   avia-builder-el-4  el_after_av_one_half  avia-builder-el-last  \" style='border-radius:0px; '><\/div>\n<\/div><\/div><\/main><!-- close content main element --><\/div><\/div><\/div><div id='after_section_1'  class='main_color av_default_container_wrap container_wrap sidebar_right' style=' '  ><div class='container' ><div class='template-page content  av-content-small alpha units'><div class='post-entry post-entry-type-page post-entry-7372'><div class='entry-content-wrapper clearfix'>\n<div class=\"flex_column av_one_third  flex_column_div first  avia-builder-el-5  el_after_av_section  el_before_av_one_third  avia-builder-el-first  \" style='border-width:1px; border-color:#e5e5e5; border-style:solid; padding:30px; border-radius:10px; '><section class=\"av_textblock_section \"  itemscope=\"itemscope\" itemtype=\"https:\/\/schema.org\/CreativeWork\" ><div class='avia_textblock  av_inherit_color '  style='font-size:14px; color:#939393; '  itemprop=\"text\" ><h3 style=\"text-align: center;\"><strong>1. PUBLIQUE SUA D\u00cdVIDA OU CARTEIRA<\/strong><\/h3>\n<p style=\"text-align: center;\"><strong>Registre a d\u00edvida ou a carteira com o valor que lhe devem em 3 minutos..<\/strong><\/p>\n<\/div><\/section><br \/>\n<div  style=' margin-top:5px; margin-bottom:5px;'  class='hr hr-custom hr-center hr-icon-yes   avia-builder-el-7  el_after_av_textblock  el_before_av_textblock '><span class='hr-inner  inner-border-av-border-fat' style=' width:50px; max-width:45%;' ><span class='hr-inner-style'><\/span><\/span><span class='av-seperator-icon'  aria-hidden='true' data-av_icon='\ue812' data-av_iconfont='entypo-fontello'><\/span><span class='hr-inner  inner-border-av-border-fat' style=' width:50px; max-width:45%;' ><span class='hr-inner-style'><\/span><\/span><\/div><br \/>\n<section class=\"av_textblock_section \"  itemscope=\"itemscope\" itemtype=\"https:\/\/schema.org\/CreativeWork\" ><div class='avia_textblock  av_inherit_color '  style='font-size:14px; color:#939393; '  itemprop=\"text\" ><p style=\"text-align: left;\"><img loading=\"lazy\" decoding=\"async\" class=\"wp-image-7765 alignleft\" src=\"https:\/\/www.debtalia.com\/pt\/wp-content\/uploads\/2021\/07\/v3434-1.jpg\" alt=\"vender deuda\" width=\"20\" height=\"37\" \/>Processo seguro e confidencial. Sem comiss\u00f5es sobre a venda.<\/p>\n<p><img loading=\"lazy\" decoding=\"async\" class=\"wp-image-7765 alignleft\" src=\"https:\/\/www.debtalia.com\/pt\/wp-content\/uploads\/2021\/07\/v3434-1.jpg\" alt=\"vender deuda\" width=\"20\" height=\"37\" \/>Pre\u00e7o de <strong>19,90\u20ac por d\u00edvida individual e 69,90\u20ac para pacotes ou carteiras<\/strong><\/p>\n<\/div><\/section><br \/>\n<div  class='avia-button-wrap avia-button-center  avia-builder-el-9  el_after_av_textblock  avia-builder-el-last ' ><a href='https:\/\/www.debtalia.com\/pt\/solicitar'  class='avia-button   avia-icon_select-yes-left-icon avia-color-custom avia-size-large avia-position-center '  style='background-color:#ff0049; border-color:#ff0049; color:#ffffff; ' ><span class='avia_button_icon avia_button_icon_left ' aria-hidden='true' data-av_icon='\ue818' data-av_iconfont='entypo-fontello'><\/span><span class='avia_iconbox_title' >Registrar a sua d\u00edvida<\/span><\/a><\/div><\/p><\/div><div class=\"flex_column av_one_third  flex_column_div   avia-builder-el-10  el_after_av_one_third  el_before_av_one_third  \" style='border-width:1px; border-color:#e5e5e5; border-style:solid; padding:30px; border-radius:10px; '><section class=\"av_textblock_section \"  itemscope=\"itemscope\" itemtype=\"https:\/\/schema.org\/CreativeWork\" ><div class='avia_textblock  av_inherit_color '  style='font-size:14px; color:#939393; '  itemprop=\"text\" ><h3 style=\"text-align: center;\"><strong>2. AN\u00c1LISE DE INVESTIDORES<\/strong><\/h3>\n<p style=\"text-align: center;\"><strong>O Debtalia.com \u00e9 visitado diariamente por investidores que procuram comprar d\u00edvidas.<\/strong><\/p>\n<\/div><\/section><br \/>\n<div  style=' margin-top:5px; margin-bottom:5px;'  class='hr hr-custom hr-center hr-icon-yes   avia-builder-el-12  el_after_av_textblock  el_before_av_textblock '><span class='hr-inner  inner-border-av-border-fat' style=' width:50px; max-width:45%;' ><span class='hr-inner-style'><\/span><\/span><span class='av-seperator-icon'  aria-hidden='true' data-av_icon='\ue812' data-av_iconfont='entypo-fontello'><\/span><span class='hr-inner  inner-border-av-border-fat' style=' width:50px; max-width:45%;' ><span class='hr-inner-style'><\/span><\/span><\/div><br \/>\n<section class=\"av_textblock_section \"  itemscope=\"itemscope\" itemtype=\"https:\/\/schema.org\/CreativeWork\" ><div class='avia_textblock  av_inherit_color '  style='font-size:14px; color:#939393; '  itemprop=\"text\" ><p style=\"text-align: left;\"><img loading=\"lazy\" decoding=\"async\" class=\"wp-image-7765 alignleft\" src=\"https:\/\/www.debtalia.com\/pt\/wp-content\/uploads\/2021\/07\/v3434-1.jpg\" alt=\"vender deuda\" width=\"20\" height=\"37\" \/>Coloque a sua d\u00edvida \u00e0 venda e ofere\u00e7a um desconto de venda atrativo.<\/p>\n<p><img loading=\"lazy\" decoding=\"async\" class=\"wp-image-7765 alignleft\" src=\"https:\/\/www.debtalia.com\/pt\/wp-content\/uploads\/2021\/07\/v3434-1.jpg\" alt=\"vender deuda\" width=\"20\" height=\"37\" \/>Os investidores poder\u00e3o entrar em <strong>contato diretamente contigo.<\/strong><\/p>\n<\/div><\/section><br \/>\n<div  class='avia-button-wrap avia-button-center  avia-builder-el-14  el_after_av_textblock  avia-builder-el-last ' ><a href='https:\/\/www.debtalia.com\/pt\/solicitar'  class='avia-button   avia-icon_select-yes-left-icon avia-color-custom avia-size-large avia-position-center '  style='background-color:#ff0049; border-color:#ff0049; color:#ffffff; ' ><span class='avia_button_icon avia_button_icon_left ' aria-hidden='true' data-av_icon='\ue818' data-av_iconfont='entypo-fontello'><\/span><span class='avia_iconbox_title' >Registrar a sua d\u00edvida<\/span><\/a><\/div><\/p><\/div><div class=\"flex_column av_one_third  flex_column_div   avia-builder-el-15  el_after_av_one_third  avia-builder-el-last  \" style='border-width:1px; border-color:#e5e5e5; border-style:solid; padding:30px; border-radius:10px; '><section class=\"av_textblock_section \"  itemscope=\"itemscope\" itemtype=\"https:\/\/schema.org\/CreativeWork\" ><div class='avia_textblock  av_inherit_color '  style='font-size:14px; color:#939393; '  itemprop=\"text\" ><h3 style=\"text-align: center;\"><strong>3. RECEBE OFERTAS DE INVESTIDORES<\/strong><\/h3>\n<p style=\"text-align: center;\"><strong>Se a sua d\u00edvida despertar interesse, voc\u00ea poder\u00e1 receber v\u00e1rias ofertas de compra.<\/strong><\/p>\n<\/div><\/section><br \/>\n<div  style=' margin-top:5px; margin-bottom:5px;'  class='hr hr-custom hr-center hr-icon-yes   avia-builder-el-17  el_after_av_textblock  el_before_av_textblock '><span class='hr-inner  inner-border-av-border-fat' style=' width:50px; max-width:45%;' ><span class='hr-inner-style'><\/span><\/span><span class='av-seperator-icon'  aria-hidden='true' data-av_icon='\ue812' data-av_iconfont='entypo-fontello'><\/span><span class='hr-inner  inner-border-av-border-fat' style=' width:50px; max-width:45%;' ><span class='hr-inner-style'><\/span><\/span><\/div><br \/>\n<section class=\"av_textblock_section \"  itemscope=\"itemscope\" itemtype=\"https:\/\/schema.org\/CreativeWork\" ><div class='avia_textblock  av_inherit_color '  style='font-size:14px; color:#939393; '  itemprop=\"text\" ><p style=\"text-align: left;\"><img loading=\"lazy\" decoding=\"async\" class=\"wp-image-7765 alignleft\" src=\"https:\/\/www.debtalia.com\/pt\/wp-content\/uploads\/2021\/07\/v3434-1.jpg\" alt=\"vender deuda\" width=\"20\" height=\"37\" \/>Advogados e fundos de investimento: Principais compradores<\/p>\n<p><img loading=\"lazy\" decoding=\"async\" class=\"wp-image-7765 alignleft\" src=\"https:\/\/www.debtalia.com\/pt\/wp-content\/uploads\/2021\/07\/v3434-1.jpg\" alt=\"vender deuda\" width=\"20\" height=\"37\" \/>Voc\u00ea receber\u00e1 solicita\u00e7\u00f5es de mais informa\u00e7\u00f5es dos interessados.<\/p>\n<\/div><\/section><br \/>\n<div  class='avia-button-wrap avia-button-center  avia-builder-el-19  el_after_av_textblock  avia-builder-el-last ' ><a href='https:\/\/www.debtalia.com\/pt\/solicitar'  class='avia-button   avia-icon_select-yes-left-icon avia-color-custom avia-size-large avia-position-center '  style='background-color:#ff0049; border-color:#ff0049; color:#ffffff; ' ><span class='avia_button_icon avia_button_icon_left ' aria-hidden='true' data-av_icon='\ue818' data-av_iconfont='entypo-fontello'><\/span><span class='avia_iconbox_title' >Registrar a sua d\u00edvida<\/span><\/a><\/div><\/p><\/div><\/p>\n","protected":false},"excerpt":{"rendered":"","protected":false},"author":1,"featured_media":0,"parent":0,"menu_order":0,"comment_status":"closed","ping_status":"closed","template":"","meta":{"footnotes":""},"yoast_head":"<!-- This site is optimized with the Yoast SEO plugin v14.7 - https:\/\/yoast.com\/wordpress\/plugins\/seo\/ -->\n<title>COMO FUNCIONA O DEBTALIA<\/title>\n<meta name=\"robots\" content=\"index, follow\" \/>\n<meta name=\"googlebot\" content=\"index, follow, max-snippet:-1, max-image-preview:large, max-video-preview:-1\" \/>\n<meta name=\"bingbot\" content=\"index, follow, max-snippet:-1, max-image-preview:large, max-video-preview:-1\" \/>\n<link rel=\"canonical\" href=\"https:\/\/www.debtalia.com\/pt\/como-funciona-debtalia\/\" \/>\n<meta property=\"og:locale\" content=\"pt_PT\" \/>\n<meta property=\"og:type\" content=\"article\" \/>\n<meta property=\"og:title\" content=\"COMO FUNCIONA O DEBTALIA\" \/>\n<meta property=\"og:url\" content=\"https:\/\/www.debtalia.com\/pt\/como-funciona-debtalia\/\" \/>\n<meta property=\"og:site_name\" content=\"Debtalia\" \/>\n<meta property=\"article:modified_time\" content=\"2023-10-03T16:16:59+00:00\" \/>\n<meta property=\"og:image\" content=\"https:\/\/www.debtalia.com\/pt\/wp-content\/uploads\/2021\/07\/v3434-1.jpg\" \/>\n<meta name=\"twitter:card\" content=\"summary_large_image\" \/>\n<script type=\"application\/ld+json\" class=\"yoast-schema-graph\">{\"@context\":\"https:\/\/schema.org\",\"@graph\":[{\"@type\":\"Organization\",\"@id\":\"https:\/\/www.debtalia.com\/pt\/#organization\",\"name\":\"Rent and Protect\",\"url\":\"https:\/\/www.debtalia.com\/pt\/\",\"sameAs\":[],\"logo\":{\"@type\":\"ImageObject\",\"@id\":\"https:\/\/www.debtalia.com\/pt\/#logo\",\"inLanguage\":\"pt-PT\",\"url\":\"https:\/\/www.debtalia.com\/pt\/wp-content\/uploads\/2020\/05\/logorp.png\",\"width\":1276,\"height\":340,\"caption\":\"Rent and Protect\"},\"image\":{\"@id\":\"https:\/\/www.debtalia.com\/pt\/#logo\"}},{\"@type\":\"WebSite\",\"@id\":\"https:\/\/www.debtalia.com\/pt\/#website\",\"url\":\"https:\/\/www.debtalia.com\/pt\/\",\"name\":\"Debtalia\",\"description\":\"Commercial Debt Collection in the United States\",\"publisher\":{\"@id\":\"https:\/\/www.debtalia.com\/pt\/#organization\"},\"potentialAction\":[{\"@type\":\"SearchAction\",\"target\":\"https:\/\/www.debtalia.com\/pt\/?s={search_term_string}\",\"query-input\":\"required name=search_term_string\"}],\"inLanguage\":\"pt-PT\"},{\"@type\":\"ImageObject\",\"@id\":\"https:\/\/www.debtalia.com\/pt\/como-funciona-debtalia\/#primaryimage\",\"inLanguage\":\"pt-PT\",\"url\":\"https:\/\/www.debtalia.com\/pt\/wp-content\/uploads\/2021\/07\/v3434-1.jpg\",\"width\":30,\"height\":55,\"caption\":\"vender deuda\"},{\"@type\":\"WebPage\",\"@id\":\"https:\/\/www.debtalia.com\/pt\/como-funciona-debtalia\/#webpage\",\"url\":\"https:\/\/www.debtalia.com\/pt\/como-funciona-debtalia\/\",\"name\":\"COMO FUNCIONA O DEBTALIA\",\"isPartOf\":{\"@id\":\"https:\/\/www.debtalia.com\/pt\/#website\"},\"primaryImageOfPage\":{\"@id\":\"https:\/\/www.debtalia.com\/pt\/como-funciona-debtalia\/#primaryimage\"},\"datePublished\":\"2021-06-11T20:33:17+00:00\",\"dateModified\":\"2023-10-03T16:16:59+00:00\",\"breadcrumb\":{\"@id\":\"https:\/\/www.debtalia.com\/pt\/como-funciona-debtalia\/#breadcrumb\"},\"inLanguage\":\"pt-PT\",\"potentialAction\":[{\"@type\":\"ReadAction\",\"target\":[\"https:\/\/www.debtalia.com\/pt\/como-funciona-debtalia\/\"]}]},{\"@type\":\"BreadcrumbList\",\"@id\":\"https:\/\/www.debtalia.com\/pt\/como-funciona-debtalia\/#breadcrumb\",\"itemListElement\":[{\"@type\":\"ListItem\",\"position\":1,\"item\":{\"@type\":\"WebPage\",\"@id\":\"https:\/\/www.debtalia.com\/pt\/\",\"url\":\"https:\/\/www.debtalia.com\/pt\/\",\"name\":\"Portada\"}},{\"@type\":\"ListItem\",\"position\":2,\"item\":{\"@type\":\"WebPage\",\"@id\":\"https:\/\/www.debtalia.com\/pt\/como-funciona-debtalia\/\",\"url\":\"https:\/\/www.debtalia.com\/pt\/como-funciona-debtalia\/\",\"name\":\"COMO FUNCIONA DEBTALIA\"}}]}]}<\/script>\n<!-- \/ Yoast SEO plugin. -->","_links":{"self":[{"href":"https:\/\/www.debtalia.com\/pt\/wp-json\/wp\/v2\/pages\/7372"}],"collection":[{"href":"https:\/\/www.debtalia.com\/pt\/wp-json\/wp\/v2\/pages"}],"about":[{"href":"https:\/\/www.debtalia.com\/pt\/wp-json\/wp\/v2\/types\/page"}],"author":[{"embeddable":true,"href":"https:\/\/www.debtalia.com\/pt\/wp-json\/wp\/v2\/users\/1"}],"replies":[{"embeddable":true,"href":"https:\/\/www.debtalia.com\/pt\/wp-json\/wp\/v2\/comments?post=7372"}],"version-history":[{"count":46,"href":"https:\/\/www.debtalia.com\/pt\/wp-json\/wp\/v2\/pages\/7372\/revisions"}],"predecessor-version":[{"id":10364,"href":"https:\/\/www.debtalia.com\/pt\/wp-json\/wp\/v2\/pages\/7372\/revisions\/10364"}],"wp:attachment":[{"href":"https:\/\/www.debtalia.com\/pt\/wp-json\/wp\/v2\/media?parent=7372"}],"curies":[{"name":"wp","href":"https:\/\/api.w.org\/{rel}","templated":true}]}}