{"id":7663,"date":"2021-06-29T17:26:38","date_gmt":"2021-06-29T17:26:38","guid":{"rendered":"https:\/\/www.debtalia.com\/pt\/?page_id=7663"},"modified":"2023-10-09T20:56:21","modified_gmt":"2023-10-09T20:56:21","slug":"buscar","status":"publish","type":"page","link":"https:\/\/www.debtalia.com\/pt\/buscar\/","title":{"rendered":"BUSCAR DEUDA"},"content":{"rendered":"<div class=\"flex_column av_one_fourth  flex_column_div av-zero-column-padding first  avia-builder-el-0  el_before_av_three_fourth  avia-builder-el-first  \" style='border-radius:0px; '><section class=\"av_textblock_section  av-small-hide av-mini-hide\"  itemscope=\"itemscope\" itemtype=\"https:\/\/schema.org\/CreativeWork\" ><div class='avia_textblock  '   itemprop=\"text\" ><blockquote>\n<p>Filtrar resultados<\/p>\n<\/blockquote>\n<\/div><\/section><br \/>\n<section class=\"av_textblock_section \"  itemscope=\"itemscope\" itemtype=\"https:\/\/schema.org\/CreativeWork\" ><div class='avia_textblock  '   itemprop=\"text\" ><form data-sf-form-id='7661' data-is-rtl='0' data-maintain-state='' data-ajax-form-url='https:\/\/www.debtalia.com\/pt\/?sfid=7661&amp;sf_action=get_data&amp;sf_data=form' data-display-result-method='post_type_archive' data-use-history-api='1' data-template-loaded='0' data-taxonomy-archives='1' data-lang-code='pt' data-ajax='0' data-init-paged='1' data-auto-update='' action='' method='post' class='searchandfilter' id='search-filter-form-7661' autocomplete='off' data-instance-count='1'><ul><li class=\"sf-field-taxonomy-post_name\" data-sf-field-name=\"_sft_post_name\" data-sf-field-type=\"taxonomy\" data-sf-field-input-type=\"select\" data-sf-term-rewrite='[\"https:\\\/\\\/www.debtalia.com\\\/pt\\\/post_name\\\/[0]\\\/\"]'>\t\t<label>\n\t\t\t\t<select name=\"_sft_post_name[]\" class=\"sf-input-select\" title=\"\">\n\t\t\t\n\t\t\t\t\t\t<option class=\"sf-level-0 sf-item-0 sf-option-active\" selected=\"selected\" data-sf-count=\"0\" data-sf-depth=\"0\" value=\"\">Todos(as) os(as) Tipo de deuda<\/option>\n\t\t\t\t\t\t<option class=\"sf-level-0 sf-item-256\" data-sf-count=\"4\" data-sf-depth=\"0\" value=\"cartera\">cartera<\/option>\n\t\t\t\t\t\t<option class=\"sf-level-0 sf-item-257\" data-sf-count=\"19\" data-sf-depth=\"0\" value=\"deuda\">deuda<\/option>\n\t\t\t\t\t<\/select>\n\t\t<\/label>\t\t<\/li><li class=\"sf-field-taxonomy-precio_de_venta\" data-sf-field-name=\"_sft_precio_de_venta\" data-sf-field-type=\"taxonomy\" data-sf-field-input-type=\"select\" data-sf-term-rewrite='[]'>\t\t<label>\n\t\t\t\t<select name=\"_sft_precio_de_venta[]\" class=\"sf-input-select\" title=\"\">\n\t\t\t\n\t\t\t\t\t\t<option class=\"sf-level-0 sf-item-0 sf-option-active\" selected=\"selected\" data-sf-count=\"0\" data-sf-depth=\"0\" value=\"\">Todos(as) os(as) Descuentos<\/option>\n\t\t\t\t\t<\/select>\n\t\t<\/label>\t\t<\/li><li class=\"sf-field-taxonomy-acreedor\" data-sf-field-name=\"_sft_acreedor\" data-sf-field-type=\"taxonomy\" data-sf-field-input-type=\"select\" data-sf-term-rewrite='[\"https:\\\/\\\/www.debtalia.com\\\/pt\\\/acreedor\\\/[0]\\\/\"]'>\t\t<label>\n\t\t\t\t<select name=\"_sft_acreedor[]\" class=\"sf-input-select\" title=\"\">\n\t\t\t\n\t\t\t\t\t\t<option class=\"sf-level-0 sf-item-0 sf-option-active\" selected=\"selected\" data-sf-count=\"0\" data-sf-depth=\"0\" value=\"\">Todos(as) os(as) Acreedores<\/option>\n\t\t\t\t\t\t<option class=\"sf-level-0 sf-item-150\" data-sf-count=\"17\" data-sf-depth=\"0\" value=\"empresa\">Empresa<\/option>\n\t\t\t\t\t\t<option class=\"sf-level-0 sf-item-263\" data-sf-count=\"6\" data-sf-depth=\"0\" value=\"pessoa-individual\">Pessoa Individual<\/option>\n\t\t\t\t\t<\/select>\n\t\t<\/label>\t\t<\/li><li class=\"sf-field-taxonomy-deudor\" data-sf-field-name=\"_sft_deudor\" data-sf-field-type=\"taxonomy\" data-sf-field-input-type=\"select\" data-sf-term-rewrite='[\"https:\\\/\\\/www.debtalia.com\\\/pt\\\/deudor\\\/[0]\\\/\"]'>\t\t<label>\n\t\t\t\t<select name=\"_sft_deudor[]\" class=\"sf-input-select\" title=\"\">\n\t\t\t\n\t\t\t\t\t\t<option class=\"sf-level-0 sf-item-0 sf-option-active\" selected=\"selected\" data-sf-count=\"0\" data-sf-depth=\"0\" value=\"\">Todos(as) os(as) Deudores<\/option>\n\t\t\t\t\t\t<option class=\"sf-level-0 sf-item-151\" data-sf-count=\"16\" data-sf-depth=\"0\" value=\"empresa\">Empresa<\/option>\n\t\t\t\t\t\t<option class=\"sf-level-0 sf-item-260\" data-sf-count=\"7\" data-sf-depth=\"0\" value=\"pessoa-individual\">Pessoa Individual<\/option>\n\t\t\t\t\t\t<option class=\"sf-level-0 sf-item-261\" data-sf-count=\"2\" data-sf-depth=\"0\" value=\"pessoas-individuais\">Pessoas individuais<\/option>\n\t\t\t\t\t<\/select>\n\t\t<\/label>\t\t<\/li><li class=\"sf-field-taxonomy-tipo\" data-sf-field-name=\"_sft_tipo\" data-sf-field-type=\"taxonomy\" data-sf-field-input-type=\"select\" data-sf-term-rewrite='[\"https:\\\/\\\/www.debtalia.com\\\/pt\\\/tipo\\\/[0]\\\/\"]'>\t\t<label>\n\t\t\t\t<select name=\"_sft_tipo[]\" class=\"sf-input-select\" title=\"\">\n\t\t\t\n\t\t\t\t\t\t<option class=\"sf-level-0 sf-item-0 sf-option-active\" selected=\"selected\" data-sf-count=\"0\" data-sf-depth=\"0\" value=\"\">Todos(as) os(as) Tipos<\/option>\n\t\t\t\t\t\t<option class=\"sf-level-0 sf-item-259\" data-sf-count=\"3\" data-sf-depth=\"0\" value=\"diversos-tipos-de-divida\">Diversos tipos de d\u00edvida<\/option>\n\t\t\t\t\t\t<option class=\"sf-level-0 sf-item-262\" data-sf-count=\"1\" data-sf-depth=\"0\" value=\"prestacao-de-servicos\">Presta\u00e7\u00e3o de servi\u00e7os<\/option>\n\t\t\t\t\t<\/select>\n\t\t<\/label>\t\t<\/li><li class=\"sf-field-submit\" data-sf-field-name=\"submit\" data-sf-field-type=\"submit\" data-sf-field-input-type=\"\"><input type=\"submit\" name=\"_sf_submit\" value=\"Filtrar deudas\"><\/li><\/ul><\/form>\n<\/div><\/section><\/p><\/div>\n<div class=\"flex_column av_three_fourth  flex_column_div av-zero-column-padding   avia-builder-el-3  el_after_av_one_fourth  avia-builder-el-last  \" style='border-radius:0px; '><p><div  style='padding-bottom:10px; color:#333333;' class='av-special-heading av-special-heading-h2 custom-color-heading   avia-builder-el-4  el_before_av_magazine  avia-builder-el-first  '><h2 class='av-special-heading-tag '  itemprop=\"headline\"  >D\u00edvidas \u00e0 venda<\/h2><div class='special-heading-border'><div class='special-heading-inner-border' style='border-color:#333333'><\/div><\/div><\/div><br \/>\n<div  id=\"1\"  class='av-magazine   avia-builder-el-5  el_after_av_heading  avia-builder-el-last   ' ><div class='av-magazine-group sort_all'><article class='av-magazine-entry av-magazine-entry-id-10399 av-magazine-format-standard av-magazine-type-deudas av-magazine-entry-1 av-magazine-entry-small '  itemscope=\"itemscope\" itemtype=\"https:\/\/schema.org\/CreativeWork\" ><div class='av-magazine-thumbnail'><a href='https:\/\/www.debtalia.com\/pt\/deudas\/empresa-de-sesimbra-vende-divida-de-11000-por-10000\/' title='Link to: Empresa de Sesimbra vende d\u00edvida de 11000 por 10000' class='av-magazine-thumbnail-link '><img loading=\"lazy\" decoding=\"async\" width=\"80\" height=\"80\" src=\"https:\/\/www.debtalia.com\/pt\/wp-content\/uploads\/2021\/08\/laptops-593296_640-80x80.jpg\" class=\"attachment-thumbnail size-thumbnail wp-post-image\" alt=\"vender deuda\" srcset=\"https:\/\/www.debtalia.com\/pt\/wp-content\/uploads\/2021\/08\/laptops-593296_640-80x80.jpg 80w, https:\/\/www.debtalia.com\/pt\/wp-content\/uploads\/2021\/08\/laptops-593296_640-36x36.jpg 36w, https:\/\/www.debtalia.com\/pt\/wp-content\/uploads\/2021\/08\/laptops-593296_640-180x180.jpg 180w\" sizes=\"(max-width: 80px) 100vw, 80px\" \/><\/a><\/div><div class='av-magazine-content-wrap'><header class='entry-content-header'><time class='av-magazine-time updated'  itemprop=\"datePublished\" datetime=\"2026-02-28T00:54:12+00:00\" >28 de Fevereiro de 2026<\/time><h3 class='av-magazine-title entry-title '  itemprop=\"headline\" ><a href='https:\/\/www.debtalia.com\/pt\/deudas\/empresa-de-sesimbra-vende-divida-de-11000-por-10000\/' title='Link to: Empresa de Sesimbra vende d\u00edvida de 11000 por 10000'>Empresa de Sesimbra vende d\u00edvida de 11000 por 10000<\/a><\/h3><\/header><\/div><footer class='entry-footer'><\/footer><\/article><article class='av-magazine-entry av-magazine-entry-id-10398 av-magazine-format-standard av-magazine-type-deudas av-magazine-entry-2 av-magazine-entry-small '  itemscope=\"itemscope\" itemtype=\"https:\/\/schema.org\/CreativeWork\" ><div class='av-magazine-thumbnail'><a href='https:\/\/www.debtalia.com\/pt\/deudas\/pessoa-individual-de-olhao-vende-divida-de-12000-por-170-000\/' title='Link to: Pessoa Individual de Olhao vende d\u00edvida de 12000 por 170.000' class='av-magazine-thumbnail-link '><img loading=\"lazy\" decoding=\"async\" width=\"80\" height=\"80\" src=\"https:\/\/www.debtalia.com\/pt\/wp-content\/uploads\/2021\/07\/writing-336370_640-80x80.jpg\" class=\"attachment-thumbnail size-thumbnail wp-post-image\" alt=\"vender deuda\" srcset=\"https:\/\/www.debtalia.com\/pt\/wp-content\/uploads\/2021\/07\/writing-336370_640-80x80.jpg 80w, https:\/\/www.debtalia.com\/pt\/wp-content\/uploads\/2021\/07\/writing-336370_640-36x36.jpg 36w, https:\/\/www.debtalia.com\/pt\/wp-content\/uploads\/2021\/07\/writing-336370_640-180x180.jpg 180w\" sizes=\"(max-width: 80px) 100vw, 80px\" \/><\/a><\/div><div class='av-magazine-content-wrap'><header class='entry-content-header'><time class='av-magazine-time updated'  itemprop=\"datePublished\" datetime=\"2025-07-09T12:32:26+00:00\" >9 de Julho de 2025<\/time><h3 class='av-magazine-title entry-title '  itemprop=\"headline\" ><a href='https:\/\/www.debtalia.com\/pt\/deudas\/pessoa-individual-de-olhao-vende-divida-de-12000-por-170-000\/' title='Link to: Pessoa Individual de Olhao vende d\u00edvida de 12000 por 170.000'>Pessoa Individual de Olhao vende d\u00edvida de 12000 por 170.000<\/a><\/h3><\/header><\/div><footer class='entry-footer'><\/footer><\/article><article class='av-magazine-entry av-magazine-entry-id-10397 av-magazine-format-standard av-magazine-type-deudas av-magazine-entry-3 av-magazine-entry-small '  itemscope=\"itemscope\" itemtype=\"https:\/\/schema.org\/CreativeWork\" ><div class='av-magazine-thumbnail'><a href='https:\/\/www.debtalia.com\/pt\/deudas\/empresa-de-lisboa-vende-divida-de-1200000-por-1200000\/' title='Link to: Empresa de Lisboa vende d\u00edvida de 1200000 por 1200000' class='av-magazine-thumbnail-link '><img loading=\"lazy\" decoding=\"async\" width=\"80\" height=\"80\" src=\"https:\/\/www.debtalia.com\/pt\/wp-content\/uploads\/2021\/07\/writing-336370_640-80x80.jpg\" class=\"attachment-thumbnail size-thumbnail wp-post-image\" alt=\"vender deuda\" srcset=\"https:\/\/www.debtalia.com\/pt\/wp-content\/uploads\/2021\/07\/writing-336370_640-80x80.jpg 80w, https:\/\/www.debtalia.com\/pt\/wp-content\/uploads\/2021\/07\/writing-336370_640-36x36.jpg 36w, https:\/\/www.debtalia.com\/pt\/wp-content\/uploads\/2021\/07\/writing-336370_640-180x180.jpg 180w\" sizes=\"(max-width: 80px) 100vw, 80px\" \/><\/a><\/div><div class='av-magazine-content-wrap'><header class='entry-content-header'><time class='av-magazine-time updated'  itemprop=\"datePublished\" datetime=\"2025-07-08T11:54:47+00:00\" >8 de Julho de 2025<\/time><h3 class='av-magazine-title entry-title '  itemprop=\"headline\" ><a href='https:\/\/www.debtalia.com\/pt\/deudas\/empresa-de-lisboa-vende-divida-de-1200000-por-1200000\/' title='Link to: Empresa de Lisboa vende d\u00edvida de 1200000 por 1200000'>Empresa de Lisboa vende d\u00edvida de 1200000 por 1200000<\/a><\/h3><\/header><\/div><footer class='entry-footer'><\/footer><\/article><article class='av-magazine-entry av-magazine-entry-id-10396 av-magazine-format-standard av-magazine-type-deudas av-magazine-entry-4 av-magazine-entry-small '  itemscope=\"itemscope\" itemtype=\"https:\/\/schema.org\/CreativeWork\" ><div class='av-magazine-thumbnail'><a href='https:\/\/www.debtalia.com\/pt\/deudas\/pessoa-individual-de-london%e2%81%b8-vende-divida-de-3500-por-4000\/' title='Link to: Pessoa Individual de London\u2078 vende d\u00edvida de 3500 por 4000' class='av-magazine-thumbnail-link '><img loading=\"lazy\" decoding=\"async\" width=\"80\" height=\"80\" src=\"https:\/\/www.debtalia.com\/pt\/wp-content\/uploads\/2021\/07\/office-1081807_640-80x80.jpg\" class=\"attachment-thumbnail size-thumbnail wp-post-image\" alt=\"vender deuda\" srcset=\"https:\/\/www.debtalia.com\/pt\/wp-content\/uploads\/2021\/07\/office-1081807_640-80x80.jpg 80w, https:\/\/www.debtalia.com\/pt\/wp-content\/uploads\/2021\/07\/office-1081807_640-36x36.jpg 36w, https:\/\/www.debtalia.com\/pt\/wp-content\/uploads\/2021\/07\/office-1081807_640-180x180.jpg 180w\" sizes=\"(max-width: 80px) 100vw, 80px\" \/><\/a><\/div><div class='av-magazine-content-wrap'><header class='entry-content-header'><time class='av-magazine-time updated'  itemprop=\"datePublished\" datetime=\"2025-05-25T19:19:18+00:00\" >25 de Maio de 2025<\/time><h3 class='av-magazine-title entry-title '  itemprop=\"headline\" ><a href='https:\/\/www.debtalia.com\/pt\/deudas\/pessoa-individual-de-london%e2%81%b8-vende-divida-de-3500-por-4000\/' title='Link to: Pessoa Individual de London\u2078 vende d\u00edvida de 3500 por 4000'>Pessoa Individual de London\u2078 vende d\u00edvida de 3500 por 4000<\/a><\/h3><\/header><\/div><footer class='entry-footer'><\/footer><\/article><article class='av-magazine-entry av-magazine-entry-id-10395 av-magazine-format-standard av-magazine-type-deudas av-magazine-entry-5 av-magazine-entry-small '  itemscope=\"itemscope\" itemtype=\"https:\/\/schema.org\/CreativeWork\" ><div class='av-magazine-thumbnail'><a href='https:\/\/www.debtalia.com\/pt\/deudas\/pessoa-individual-de-lisboa-vende-divida-de-44348-por-25000-2\/' title='Link to: Pessoa Individual de Lisboa vende d\u00edvida de 44348 por 25000' class='av-magazine-thumbnail-link '><img loading=\"lazy\" decoding=\"async\" width=\"80\" height=\"80\" src=\"https:\/\/www.debtalia.com\/pt\/wp-content\/uploads\/2021\/08\/laptops-593296_640-80x80.jpg\" class=\"attachment-thumbnail size-thumbnail wp-post-image\" alt=\"vender deuda\" srcset=\"https:\/\/www.debtalia.com\/pt\/wp-content\/uploads\/2021\/08\/laptops-593296_640-80x80.jpg 80w, https:\/\/www.debtalia.com\/pt\/wp-content\/uploads\/2021\/08\/laptops-593296_640-36x36.jpg 36w, https:\/\/www.debtalia.com\/pt\/wp-content\/uploads\/2021\/08\/laptops-593296_640-180x180.jpg 180w\" sizes=\"(max-width: 80px) 100vw, 80px\" \/><\/a><\/div><div class='av-magazine-content-wrap'><header class='entry-content-header'><time class='av-magazine-time updated'  itemprop=\"datePublished\" datetime=\"2025-02-17T14:34:38+00:00\" >17 de Fevereiro de 2025<\/time><h3 class='av-magazine-title entry-title '  itemprop=\"headline\" ><a href='https:\/\/www.debtalia.com\/pt\/deudas\/pessoa-individual-de-lisboa-vende-divida-de-44348-por-25000-2\/' title='Link to: Pessoa Individual de Lisboa vende d\u00edvida de 44348 por 25000'>Pessoa Individual de Lisboa vende d\u00edvida de 44348 por 25000<\/a><\/h3><\/header><\/div><footer class='entry-footer'><\/footer><\/article><\/div><div class='av-masonry-pagination av-masonry-pagination-pagination'><nav class='pagination'><span class='pagination-meta'>Page 1 of 5<\/span><span class='current'>1<\/span><a href='https:\/\/www.debtalia.com\/pt\/wp-json\/wp\/v2\/pages\/7663\/page\/2\/' class='inactive next_page' >2<\/a><a href='https:\/\/www.debtalia.com\/pt\/wp-json\/wp\/v2\/pages\/7663\/page\/3\/' class='inactive' >3<\/a><a href='https:\/\/www.debtalia.com\/pt\/wp-json\/wp\/v2\/pages\/7663\/page\/4\/' class='inactive' >4<\/a><a href='https:\/\/www.debtalia.com\/pt\/wp-json\/wp\/v2\/pages\/7663\/page\/5\/' class='inactive' >5<\/a><\/nav>\n<\/div><\/div><\/p><\/div>\n","protected":false},"excerpt":{"rendered":"","protected":false},"author":1,"featured_media":7989,"parent":0,"menu_order":0,"comment_status":"closed","ping_status":"closed","template":"","meta":{"footnotes":""},"yoast_head":"<!-- This site is optimized with the Yoast SEO plugin v14.7 - https:\/\/yoast.com\/wordpress\/plugins\/seo\/ -->\n<title>Buscar Dividas en Debtalia.com<\/title>\n<meta name=\"robots\" content=\"index, follow\" \/>\n<meta name=\"googlebot\" content=\"index, follow, max-snippet:-1, max-image-preview:large, max-video-preview:-1\" \/>\n<meta name=\"bingbot\" content=\"index, follow, max-snippet:-1, max-image-preview:large, max-video-preview:-1\" \/>\n<link rel=\"canonical\" href=\"https:\/\/www.debtalia.com\/pt\/buscar\/\" \/>\n<meta property=\"og:locale\" content=\"pt_PT\" \/>\n<meta property=\"og:type\" content=\"article\" \/>\n<meta property=\"og:title\" content=\"Buscar Dividas en Debtalia.com\" \/>\n<meta property=\"og:url\" content=\"https:\/\/www.debtalia.com\/pt\/buscar\/\" \/>\n<meta property=\"og:site_name\" content=\"Debtalia\" \/>\n<meta property=\"article:modified_time\" content=\"2023-10-09T20:56:21+00:00\" \/>\n<meta property=\"og:image\" content=\"https:\/\/www.debtalia.com\/pt\/wp-content\/uploads\/2021\/07\/dbt3.jpg\" \/>\n\t<meta property=\"og:image:width\" content=\"482\" \/>\n\t<meta property=\"og:image:height\" content=\"309\" \/>\n<meta name=\"twitter:card\" content=\"summary_large_image\" \/>\n<script type=\"application\/ld+json\" class=\"yoast-schema-graph\">{\"@context\":\"https:\/\/schema.org\",\"@graph\":[{\"@type\":\"Organization\",\"@id\":\"https:\/\/www.debtalia.com\/pt\/#organization\",\"name\":\"Rent and Protect\",\"url\":\"https:\/\/www.debtalia.com\/pt\/\",\"sameAs\":[],\"logo\":{\"@type\":\"ImageObject\",\"@id\":\"https:\/\/www.debtalia.com\/pt\/#logo\",\"inLanguage\":\"pt-PT\",\"url\":\"https:\/\/www.debtalia.com\/pt\/wp-content\/uploads\/2020\/05\/logorp.png\",\"width\":1276,\"height\":340,\"caption\":\"Rent and Protect\"},\"image\":{\"@id\":\"https:\/\/www.debtalia.com\/pt\/#logo\"}},{\"@type\":\"WebSite\",\"@id\":\"https:\/\/www.debtalia.com\/pt\/#website\",\"url\":\"https:\/\/www.debtalia.com\/pt\/\",\"name\":\"Debtalia\",\"description\":\"Commercial Debt Collection in the United States\",\"publisher\":{\"@id\":\"https:\/\/www.debtalia.com\/pt\/#organization\"},\"potentialAction\":[{\"@type\":\"SearchAction\",\"target\":\"https:\/\/www.debtalia.com\/pt\/?s={search_term_string}\",\"query-input\":\"required name=search_term_string\"}],\"inLanguage\":\"pt-PT\"},{\"@type\":\"ImageObject\",\"@id\":\"https:\/\/www.debtalia.com\/pt\/buscar\/#primaryimage\",\"inLanguage\":\"pt-PT\",\"url\":\"https:\/\/www.debtalia.com\/pt\/wp-content\/uploads\/2021\/07\/dbt3.jpg\",\"width\":482,\"height\":309,\"caption\":\"vender deuda\"},{\"@type\":\"WebPage\",\"@id\":\"https:\/\/www.debtalia.com\/pt\/buscar\/#webpage\",\"url\":\"https:\/\/www.debtalia.com\/pt\/buscar\/\",\"name\":\"Buscar Dividas en Debtalia.com\",\"isPartOf\":{\"@id\":\"https:\/\/www.debtalia.com\/pt\/#website\"},\"primaryImageOfPage\":{\"@id\":\"https:\/\/www.debtalia.com\/pt\/buscar\/#primaryimage\"},\"datePublished\":\"2021-06-29T17:26:38+00:00\",\"dateModified\":\"2023-10-09T20:56:21+00:00\",\"breadcrumb\":{\"@id\":\"https:\/\/www.debtalia.com\/pt\/buscar\/#breadcrumb\"},\"inLanguage\":\"pt-PT\",\"potentialAction\":[{\"@type\":\"ReadAction\",\"target\":[\"https:\/\/www.debtalia.com\/pt\/buscar\/\"]}]},{\"@type\":\"BreadcrumbList\",\"@id\":\"https:\/\/www.debtalia.com\/pt\/buscar\/#breadcrumb\",\"itemListElement\":[{\"@type\":\"ListItem\",\"position\":1,\"item\":{\"@type\":\"WebPage\",\"@id\":\"https:\/\/www.debtalia.com\/pt\/\",\"url\":\"https:\/\/www.debtalia.com\/pt\/\",\"name\":\"Portada\"}},{\"@type\":\"ListItem\",\"position\":2,\"item\":{\"@type\":\"WebPage\",\"@id\":\"https:\/\/www.debtalia.com\/pt\/buscar\/\",\"url\":\"https:\/\/www.debtalia.com\/pt\/buscar\/\",\"name\":\"BUSCAR DEUDA\"}}]}]}<\/script>\n<!-- \/ Yoast SEO plugin. -->","_links":{"self":[{"href":"https:\/\/www.debtalia.com\/pt\/wp-json\/wp\/v2\/pages\/7663"}],"collection":[{"href":"https:\/\/www.debtalia.com\/pt\/wp-json\/wp\/v2\/pages"}],"about":[{"href":"https:\/\/www.debtalia.com\/pt\/wp-json\/wp\/v2\/types\/page"}],"author":[{"embeddable":true,"href":"https:\/\/www.debtalia.com\/pt\/wp-json\/wp\/v2\/users\/1"}],"replies":[{"embeddable":true,"href":"https:\/\/www.debtalia.com\/pt\/wp-json\/wp\/v2\/comments?post=7663"}],"version-history":[{"count":76,"href":"https:\/\/www.debtalia.com\/pt\/wp-json\/wp\/v2\/pages\/7663\/revisions"}],"predecessor-version":[{"id":10365,"href":"https:\/\/www.debtalia.com\/pt\/wp-json\/wp\/v2\/pages\/7663\/revisions\/10365"}],"wp:featuredmedia":[{"embeddable":true,"href":"https:\/\/www.debtalia.com\/pt\/wp-json\/wp\/v2\/media\/7989"}],"wp:attachment":[{"href":"https:\/\/www.debtalia.com\/pt\/wp-json\/wp\/v2\/media?parent=7663"}],"curies":[{"name":"wp","href":"https:\/\/api.w.org\/{rel}","templated":true}]}}